{"id":330,"date":"2018-08-24T10:16:15","date_gmt":"2018-08-24T08:16:15","guid":{"rendered":"https:\/\/www.kosmetika.bz\/?page_id=330"},"modified":"2025-08-06T17:27:09","modified_gmt":"2025-08-06T15:27:09","slug":"privacy","status":"publish","type":"page","link":"https:\/\/www.kosmetika.bz\/it\/privacy\/","title":{"rendered":"Privacy"},"content":{"rendered":"<h2>INFORMATIVA AL TRATTAMENTO DEI DATI PERSONALI<\/h2>\n<p>La ditta Kosmetika, di seguito denominata la Societ\u00e0, ha sviluppato la presente Privacy Policy al fine di descrivere le modalit\u00e0 di gestione del sito https:\/\/www.kosmetika.bz\/, in riferimento al trattamento dei dati personali degli utenti\/visitatori che lo consultano.<br \/>\nSi tratta di un\u2019informativa che \u00e8 resa ai sensi dell\u2019art. 13 del Regolamento Europeo 2016\/679 sulla protezione dei dati personali \u2013 a coloro che si collegano al sito web aziendale della Societ\u00e0 e usufruiscono dei relativi servizi web a partire di questo sito. L\u2019informativa \u00e8 resa soltanto per il sito sopra menzionato e non anche per altri siti web eventualmente consultati dall\u2019utente tramite appositi link.<\/p>\n<p>Controlliamo i link sul nostro sito web in modo molto attento. Tuttavia, non ci assumiamo alcuna responsabilit\u00e0 per il contenuto delle pagine collegate a questo sito Web o ad altri siti Internet.<\/p>\n<p>La Societ\u00e0 pu\u00f2 modificare o semplicemente aggiornare, in tutto o in parte la presente Privacy Policy. Qualsiasi modifica o aggiornamento alla Privacy Policy sar\u00e0 disponibile per tutti gli utenti nella sezione Privacy del sito appena gli aggiornamenti saranno attivi e saranno vincolanti non appena pubblicati sul sito in questa sezione. Qualora l&#8217;Utente non intenda accettare tali modifiche, potr\u00e0 interrompere l&#8217;utilizzo del nostro sito. L&#8217;uso continuato del nostro sito web e dei nostri prodotti e servizi a seguito della pubblicazione delle suddette modifiche e\/o aggiornamenti equivarr\u00e0 ad accettazione delle modifiche ed al riconoscimento del carattere vincolante dei nuovi termini e condizioni.<br \/>\nIl sito https:\/\/www.kosmetika.bz\/ \u00e8 di propriet\u00e0 della Societ\u00e0 ed \u00e8 gestito interamente dalla stessa.<\/p>\n<p><strong>Tipologia dei dati trattati e finalit\u00e0 del trattamento:\u202f\u202f<\/strong><\/p>\n<p><strong>Dati di navigazione<\/strong><br \/>\nI sistemi informatici e le procedure software preposte al funzionamento di questo sito acquisiscono, nel normale esercizio, alcuni dati personali che vengono poi trasmessi implicitamente nell\u2019uso dei protocolli di comunicazione Internet. Si tratta di informazioni che non sono raccolte per essere associate a interessati identificati, ma che per loro stessa natura potrebbero, attraverso elaborazioni ed associazioni con dati detenuti da terzi, permettere di identificare gli utenti. In questa categoria di dati rientrano gli indirizzi IP o i nomi a dominio dei computer utilizzati dagli utenti che si connettono al sito, gli indirizzi in notazione URI (Uniform Resource Identifier) delle risorse richieste, l\u2019orario della richiesta, il metodo utilizzato nel sottoporre la richiesta al server, la dimensione del file ottenuto in risposta, il codice numerico indicante lo stato della risposta data dal server (buon fine, errore, ecc.) ed altri parametri relativi al sistema operativo e all\u2019ambiente informatico dell\u2019utente. Questi dati vengono utilizzati al solo fine di ricavare informazioni statistiche anonime sull\u2019uso del sito e per controllarne il corretto funzionamento e vengono cancellati immediatamente dopo l\u2019elaborazione. I dati potrebbero essere utilizzati per l\u2019accertamento di responsabilit\u00e0 in caso di ipotetici reati informatici ai danni del sito: salva questa eventualit\u00e0, i dati sui contatti web non persistono per pi\u00f9 di 24 mesi.<\/p>\n<p><strong>Dati forniti volontariamente dagli utenti\/visitatori<\/strong><br \/>\nQualora gli utenti\/visitatori, collegandosi a questo sito, inviino propri dati personali per accedere a determinati servizi (p. es. newsletter, servizio \u201clavora con noi \u201d ecc.), ovvero per effettuare richieste in posta elettronica, ci\u00f2 comporta l\u2019acquisizione da parte della Societ\u00e0 dell\u2019indirizzo del mittente e\/o di altri eventuali dati personali che verranno trattati esclusivamente ai fini indicati nella presente dichiarazione. I Suoi dati saranno trattati per finalit\u00e0 connesse all\u2019adempimento delle Sue specifiche richieste, di obblighi contrattuali, fiscali e contabili; storico fatturazione; contenzioso e tutela del credito; adempimento di obblighi previsti dalle leggi vigenti<\/p>\n<p><strong>Cookie<\/strong><br \/>\nNell\u2019ambito del presente sito vengono raccolte alcune informazioni di carattere personale relative agli accessi web tramite l\u2019utilizzo di cookies.<\/p>\n<p>Esistono tre categorie di cookie:<br \/>\n# cookie essenziali per garantire la funzionalit\u00e0 di base del sito web<br \/>\n# cookie funzionali per garantire le prestazioni del sito Web<br \/>\n# cookie orientati all&#8217;obiettivo di migliorare l&#8217;esperienza dell&#8217;utente.<br \/>\nLe pagine Internet utilizzano in parte i cosiddetti cookie. I cookie non danneggiano il tuo computer e non contengono virus. I cookie servono a rendere la nostra offerta pi\u00f9 user-friendly, efficace e sicura. I cookie sono piccoli file di testo che vengono memorizzati sul tuo computer e memorizzati dal tuo browser.<br \/>\nLa maggior parte dei cookie che usiamo sono i cosiddetti &#8220;cookie di sessione&#8221;. Verranno cancellati automaticamente alla fine della visita. Altri cookie rimangono memorizzati sul dispositivo finch\u00e9 non li elimini. Questi cookie ci consentono di riconoscere il tuo browser la prossima volta che visiti.<br \/>\n\u00c8 possibile impostare il browser in modo tale da essere informato sull&#8217;impostazione di cookie e cookie solo in casi individuali, consentire l&#8217;accettazione di cookie per determinati casi o in generale escludere e attivare la cancellazione automatica dei cookie al momento della chiusura del browser. La disabilitazione dei cookie pu\u00f2 limitare la funzionalit\u00e0 di questo sito web.<br \/>\nSe generalmente non ci autorizzi a utilizzare i cookie, alcune funzionalit\u00e0 e pagine non funzioneranno come previsto.<\/p>\n<p>A parte quanto specificato per i dati di navigazione, gli utenti\/visitatori sono liberi di fornire i propri dati personali. Il loro mancato conferimento pu\u00f2 comportare unicamente l\u2019impossibilit\u00e0 di ottenere quanto richiesto. Pertanto, i visitatori sono in grado di navigare nel sito anche senza rivelare informazioni e dati personali.<\/p>\n<p>Una volta registrati, i dati personali raccolti saranno utilizzati solamente per i servizi indicati nell\u2019informativa disponibile.<\/p>\n<p>I visitatori del sito possono fornire i loro dati per:<\/p>\n<ul>\n<li>essere contattati per richieste di informazioni sui servizi erogati<\/li>\n<li>partecipare ad iniziative promosse sul presente sito internet<\/li>\n<li>manifestare il proprio interesse ad un rapporto lavorativo con la Societ\u00e0 e\/o rispondere ad un annuncio di lavoro<\/li>\n<li>contattare la Societ\u00e0 tramite l\u2019apposito form predisposto<\/li>\n<\/ul>\n<p><strong>Sezione Contatto<\/strong><br \/>\nLa sezione contatto permette all\u2019utente tramite il relativo form predisposto di inviare alla Societ\u00e0 un messaggio personale al fine di ottenere una replica da parte della stessa. Si richiedono i seguenti dati pesonali: L\u2019accettazione della Privacy Policy della Societ\u00e0 costituisce requisito indispensabile della fruizione del servizio in oggetto.<\/p>\n<p><strong>Sezione Trattamento dei dati<\/strong><br \/>\nTitolare del trattamento dei dati personali eventualmente raccolti attraverso questo sito \u00e8 la Societ\u00e0 Kosmetika srl., Hubenstra\u00dfe 1a, 39030 Kiens (BZ).<\/p>\n<p>I dati personali potranno essere trattati nei limiti e con le modalit\u00e0 di cui alla presente dichiarazione da dipendenti e collaboratori della Societ\u00e0 designati quali incaricati o responsabili del trattamento, i quali riceveranno adeguate istruzioni operative ed opereranno sotto la diretta autorit\u00e0 del titolare del trattamento.<\/p>\n<p>Un elenco aggiornato di tutti i responsabili\/incaricati del trattamento dal titolare pu\u00f2 essere richiesto al titolare stesso o scrivendo al seguente indirizzo mail: info@kosmetika.bz<\/p>\n<p><strong>Comunicazione a terzi<\/strong><br \/>\nI dati personali saranno oggetto di comunicazione alla societ\u00e0., per poter rispondere alle richieste informative, ovvero potranno essere comunicati agli Enti ed Istituti per l\u2019espletamento degli obblighi di legge o all\u2019autorit\u00e0 giudiziale, ove vi fosse richiesta.<\/p>\n<p>Inoltre, la Societ\u00e0 si serve di altre imprese e persone fisiche affinch\u00e9 svolgano certe attivit\u00e0 come per l\u2019invio di e-mail, la consegna di pacchi, l\u2019effettuazione di pagamenti. I predetti soggetti hanno accesso solo ai dati personali strettamente necessari per svolgere i propri compiti. La Societ\u00e0 sottolinea il divieto di utilizzo da parte di degli stessi per scopi diversi nonch\u00e9 l\u2019obbligo di trattamento in conformit\u00e0 alla presente Privacy Policy e la normativa vigente.<\/p>\n<p>Attraverso il presente sito web, la Societ\u00e0 non raccoglie deliberatamente dati personali sensibili o giudiziari. I dati sensibili, ai sensi dell\u2019art.9 del Regolamento Europeo 2016\/679, includono i dati personali idonei a rivelare l&#8217;origine razziale ed etnica, le convinzioni religiose, filosofiche o di altro genere, le opinioni politiche, l&#8217;adesione a partiti, sindacati, associazioni od organizzazioni a carattere religioso, filosofico, politico o sindacale, nonch\u00e9 i dati personali idonei a rivelare lo stato di salute e la vita sessuale. I dati giudiziari ai sensi dell\u2019art.10 del Regolamento Europeo 2016\/679, includono i dati relativi a condanne penali e reati.<br \/>\nSi raccomanda di non fornire tali informazioni attraverso il presente sito. Nel caso in cui la comunicazione si renda necessaria (ad esempio: appartenenza a categorie protette in caso di invio di curriculum vitae a fini di assunzione, in risposta ad un annuncio di lavoro o nel caso di manifestazione di interesse a lavorare presso la Societ\u00e0 si invita a trasmettere alla sede legale della Societ\u00e0 a mezzo lettera raccomandata un\u2019apposita dichiarazione contenente il consenso in forma scritta al trattamento queste delle relative informazioni sensibili.<\/p>\n<p><strong>Conservazione dei dati<\/strong><br \/>\nLe informazioni e i dati personali dei visitatori\/utenti raccolti da questo sito, ivi inclusi i dati liberamente forniti al fine di ottenere l\u2019invio di materiale informativo o di altre comunicazioni compilando gli appositi curriculum presenti sul sito, saranno conservati al solo fine di fornire il servizio richiesto e per la durata necessaria al medesimo fine. Una volta completato il servizio, tutti i dati personali saranno distrutti in aderenza alla presente Privacy-Policy, salvo diversa richiesta dell\u2019autorit\u00e0, esigenze di conservazione stabilite dalla legge, oppure salvo diverse indicazioni fornite in sezioni particolari del sito web.<\/p>\n<p><strong>Esercizio dei diritti dell&#8217;interessato<\/strong><br \/>\nCome stabilito dal Regolamento Europeo 2016\/679, gli interessati hanno il diritto in qualunque momento di ottenere la conferma dell\u2019esistenza o meno dei medesimi dati e di conoscerne il contenuto e l\u2019origine, verificarne l\u2019esattezza o chiederne l\u2019integrazione l\u2019aggiornamento, oppure la rettificazione. Ai sensi del medesimo articolo hanno il diritto di chiedere la cancellazione, la trasformazione in forma anonima o il blocco dei dati trattati in violazione di legge, nonch\u00e9 di opporsi in ogni caso, per motivi legittimi, al loro trattamento. Inoltre, ha il diritto alla portabilit\u00e0 dei dati. Le richieste vanno inoltrate scrivendo o contattando il titolare del trattamento al seguente indirizzo: info@kosmetika.bz<\/p>\n<p><strong>Sicurezza dei dati<\/strong><br \/>\nLa Societ\u00e0 protegge i dati personali attraverso l\u2019applicazione di livelli di sicurezza riconosciuti a livello internazionale, nonch\u00e9 attraverso procedure di sicurezza che proteggono i dati personali:<\/p>\n<ul>\n<li>da un accesso non autorizzato<\/li>\n<li>da un utilizzo improprio o da una divulgazione degli stessi<\/li>\n<li>da una modifica non autorizzata<\/li>\n<li>dalla perdita o dalla distruzione accidentale o causata da atto illecito<\/li>\n<\/ul>\n<p><strong>Crittografia SSL<\/strong><br \/>\nQuesto sito utilizza la crittografia SSL per motivi di sicurezza e per proteggere la trasmissione di contenuti sensibili, come le richieste che ci invii come operatore del sito. \u00c8 possibile riconoscere una connessione crittografata modificando la riga dell&#8217;indirizzo del browser da &#8220;http:\/\/&#8221; a &#8220;https:\/\/&#8221; e comparir\u00e0 il simbolo del lucchetto nella riga del browser.<br \/>\nSe la crittografia SSL \u00e8 abilitata, i dati che ci invii non possono essere letti da terze parti.<\/p>\n<p><strong>Minori<\/strong><br \/>\nIl sito https:\/\/www.kosmetika.bz\/ non \u00e8 finalizzato all\u2019utilizzo da parte di minori, i quali non sono autorizzati ad effettuare acquisti mediante i siti riportati. Comprendiamo l\u2019importanza di proteggere le informazioni destinate ai minori, specialmente in un ambiente on-line e pertanto non raccogliamo n\u00e9 manteniamo deliberatamente dati personali riferiti a minori.<\/p>\n<p><strong>Responsabile per il contenuto<\/strong><br \/>\nKosmetika<br \/>\nRubner Monika<\/p>\n<p><strong>Sede della ditta \/ Indirizzo<\/strong><br \/>\nVia Huben, 1a<br \/>\nI-39030 Chienes (BZ)<br \/>\nTel. 0474 564 188<br \/>\nE-Mail: info@kosmetika.bz<br \/>\nwww.kosmetika.bz<\/p>\n","protected":false},"excerpt":{"rendered":"<p>INFORMATIVA AL TRATTAMENTO DEI DATI PERSONALI La ditta Kosmetika, di seguito denominata la Societ\u00e0, ha sviluppato la presente Privacy Policy al fine di descrivere le modalit\u00e0 di gestione del sito https:\/\/www.kosmetika.bz\/, in riferimento al trattamento dei dati personali degli utenti\/visitatori [&hellip;]<\/p>\n","protected":false},"author":1,"featured_media":0,"parent":0,"menu_order":0,"comment_status":"closed","ping_status":"closed","template":"","meta":{"_acf_changed":false,"footnotes":""},"class_list":["post-330","page","type-page","status-publish","hentry"],"acf":[],"_links":{"self":[{"href":"https:\/\/www.kosmetika.bz\/it\/wp-json\/wp\/v2\/pages\/330","targetHints":{"allow":["GET"]}}],"collection":[{"href":"https:\/\/www.kosmetika.bz\/it\/wp-json\/wp\/v2\/pages"}],"about":[{"href":"https:\/\/www.kosmetika.bz\/it\/wp-json\/wp\/v2\/types\/page"}],"author":[{"embeddable":true,"href":"https:\/\/www.kosmetika.bz\/it\/wp-json\/wp\/v2\/users\/1"}],"replies":[{"embeddable":true,"href":"https:\/\/www.kosmetika.bz\/it\/wp-json\/wp\/v2\/comments?post=330"}],"version-history":[{"count":4,"href":"https:\/\/www.kosmetika.bz\/it\/wp-json\/wp\/v2\/pages\/330\/revisions"}],"predecessor-version":[{"id":598,"href":"https:\/\/www.kosmetika.bz\/it\/wp-json\/wp\/v2\/pages\/330\/revisions\/598"}],"wp:attachment":[{"href":"https:\/\/www.kosmetika.bz\/it\/wp-json\/wp\/v2\/media?parent=330"}],"curies":[{"name":"wp","href":"https:\/\/api.w.org\/{rel}","templated":true}]}}